{"id":8,"date":"2018-11-07T12:45:24","date_gmt":"2018-11-07T10:45:24","guid":{"rendered":"https:\/\/duesterhafen.wordpress.com\/?page_id=3"},"modified":"2018-11-09T19:57:40","modified_gmt":"2018-11-09T18:57:40","slug":"kontakt","status":"publish","type":"page","link":"https:\/\/duesterhafen.bandbreiter.de\/?page_id=8","title":{"rendered":"Kontakt und Impressum"},"content":{"rendered":"<p>Kontakt und Impressum: Marco Dieckhoff, Helenenstra\u00dfe 4, 38118 Braunschweig, duesterhafen@bandbreiter.de<\/p>\n<h3><strong>Allgemeines<\/strong><u><br \/>\n<\/u><\/h3>\n<p>Alle Angaben werden nach bestem Wissen und Gewissen gemacht. F\u00fcr nicht richtige oder nicht (mehr) zutreffende Angaben wird keine Haftung \u00fcbernommen. Die Beitr\u00e4ge anderer Autoren m\u00fcssen nicht mit der Meinung der o.g. verantwortlichen Person \u00fcbereinstimmen.<\/p>\n<p>&nbsp;<\/p>\n<h3><strong>Haftungsausschluss<\/strong><\/h3>\n<p><strong>Keine Abmahnung ohne vorherigen Kontakt !<br \/>\n<\/strong><\/p>\n<p>Wir sind gem\u00e4\u00df \u00a7 7 Abs.1 TMG f\u00fcr eigene Inhalte auf diesen Seiten nach den allgemeinen Gesetzen verantwortlich. Nach \u00a7\u00a7 8 bis 10 TMG sind wir als Diensteanbieter jedoch nicht verpflichtet, \u00fcbermittelte oder gespeicherte fremde Informationen zu \u00fcberwachen oder nach Umst\u00e4nden zu forschen, die auf eine rechtswidrige T\u00e4tigkeit hinweisen. Verpflichtungen zur Entfernung oder Sperrung der Nutzung von Informationen nach den allgemeinen Gesetzen bleiben hiervon unber\u00fchrt. Eine diesbez\u00fcgliche Haftung ist jedoch <u>erst ab dem Zeitpunkt der Kenntnis einer konkreten Rechtsverletzung m\u00f6glich<\/u>. Bei Bekanntwerden von entsprechenden Rechtsverletzungen werden wir handeln.<\/p>\n<p>Daher gilt &gt; Sollte der Inhalt oder die Aufmachung dieser Seiten fremde Rechte Dritter oder gesetzliche Bestimmungen verletzen, so bitten wir also ganz konkret um eine entsprechende Nachricht ohne Kostennote. Wir <u>garantieren in solchen F\u00e4llen, nach sofortiger \u00dcberpr\u00fcfung, dass die zu Recht beanstandeten Passagen unverz\u00fcglich entfernt werden<\/u>, ohne dass von Ihrer Seite die Einschaltung eines Rechtsbeistandes erforderlich ist.<\/p>\n<p>Dennoch von Ihnen ohne vorherige Kontaktaufnahme ausgel\u00f6ste Kosten werden wir vollumf\u00e4nglich zur\u00fcckweisen und gegebenenfalls Gegenklage wegen Verletzung vorgenannter Bestimmungen einreichen.<\/p>\n<p>&nbsp;<\/p>\n<p><strong>Haftung f\u00fcr Links<\/strong><\/p>\n<p>Unser Seiten enthalten gelegentlich Links zu externen Webseiten Dritter, auf deren Inhalte wir keinen Einfluss haben. Deshalb k\u00f6nnen wir f\u00fcr diese fremden Inhalte auch keine Gew\u00e4hr \u00fcbernehmen. F\u00fcr die Inhalte der verlinkten Seiten ist stets der jeweilige Anbieter oder Betreiber der Seiten verantwortlich. Die verlinkten Seiten wurden zum Zeitpunkt der Verlinkung auf m\u00f6gliche Rechtsverst\u00f6\u00dfe \u00fcberpr\u00fcft. <u>Rechtswidrige Inhalte waren zum Zeitpunkt der Verlinkung nicht erkennbar.<\/u><\/p>\n<p>Eine permanente inhaltliche Kontrolle der verlinkten Seiten ist jedoch ohne konkrete Anhaltspunkte einer Rechtsverletzung nicht zumutbar. Bei Bekanntwerden von Rechtsverletzungen werden wir derartige Links umgehend entfernen.<\/p>\n<p>&nbsp;<\/p>\n<p><strong>Urheberrecht<\/strong><\/p>\n<p>Die Vervielf\u00e4ltigung, Bearbeitung, Verbreitung und jede Art der Verwertung au\u00dferhalb der Grenzen des Urheberrechtes bed\u00fcrfen der schriftlichen Zustimmung des jeweiligen Autors bzw. Erstellers. Downloads und Kopien dieser Seite sind nur f\u00fcr den privaten, nicht kommerziellen Gebrauch gestattet. Soweit die Inhalte auf dieser Seite nicht vom Betreiber erstellt wurden, werden die Urheberrechte Dritter beachtet. Insbesondere werden Inhalte Dritter als solche gekennzeichnet. Sollten Sie trotzdem auf eine Urheberrechtsverletzung aufmerksam werden, bitten wir um einen entsprechenden Hinweis. Bei Bekanntwerden von Rechtsverletzungen werden wir derartige Inhalte umgehend entfernen.<\/p>\n<p>Konkret heisst das: Mit Urteil vom 12. Mai 1998 hat das LG Hamburg entschieden, dass man f\u00fcr die Inhalte verlinkter Seiten haftet, au\u00dfer wenn man sich ausdr\u00fccklich von deren Inhalten distanziert. Zwar pr\u00fcfen wir den Inhalt der verlinkten Seiten jeweils sorgf\u00e4ltig, machen uns aber deren Inhalt auf keinen Fall zueigen und \u00fcbernehmen f\u00fcr deren Richtigkeit keinerlei Haftung. F\u00fcr den Inhalt der verlinkten Seiten sind ausschlie\u00dflich deren Betreiber verantwortlich. Diese Erkl\u00e4rung gilt f\u00fcr angebrachten Links.<\/p>\n<p>&nbsp;<\/p>\n<p>Spezielle Rechte<\/p>\n<p>Das Titelbild ist &#8222;Brennende Stadt&#8220; von Daniel van Heil, und ist public domain.<br \/>\n<a href=\"https:\/\/commons.wikimedia.org\/wiki\/File:Daniel_van_Heil_(attr)_Brennende_Stadt.jpg\" target=\"_blank\" rel=\"noopener\">https:\/\/commons.wikimedia.org\/wiki\/File:Daniel_van_Heil_(attr)_Brennende_Stadt.jpg<\/a><\/p>\n<p>&nbsp;<\/p>\n<p><strong>Alle Rechte <\/strong><\/p>\n<p>Die durch die Seitenbetreiber erstellten Inhalte und Werke auf diesen Seiten unterliegen dem deutschen Urheberrecht; konkret liegen sie bei den Autoren<strong>.<br \/>\n<\/strong><\/p>\n<p>Gloomhaven steht unter Copyright von Isaac Childres und Cephalofair Games, die deutsche \u00dcbersetzung von Feuerland. Wir benutzen Symbole und Bilder aus dem von Isaac Childres frei ver\u00f6ffentlichtem Creators Pack.<br \/>\n(Bitte kauft dieses gro\u00dfartige Spiel &#8211; es sieht vielleicht zun\u00e4chst teuer aus, aber f\u00fcr \u00fcber 200 Stunden Spielspa\u00df ist das recht angemessen, wenn nicht g\u00fcnstig :))<\/p>\n<p>Die Rechte an den Fotos liegen beim jeweiligen Fotografen. Die Verwendung von Bildern sowie Texten jeglicher Art, auch auszugsweise, ist grunds\u00e4tzlich nur mit ausdr\u00fccklicher, schriftlicher Genehmigung des Urhebers bzw. Fotografen gestattet.<\/p>\n<p>&nbsp;<\/p>\n<p>&nbsp;<\/p>\n<p>&nbsp;<\/p>\n<p>&nbsp;<\/p>\n","protected":false},"excerpt":{"rendered":"<p>Kontakt und Impressum: Marco Dieckhoff, Helenenstra\u00dfe 4, 38118 Braunschweig, duesterhafen@bandbreiter.de Allgemeines Alle Angaben werden nach bestem Wissen und Gewissen gemacht. F\u00fcr nicht richtige oder nicht (mehr) zutreffende Angaben wird keine Haftung \u00fcbernommen. Die Beitr\u00e4ge anderer Autoren m\u00fcssen nicht mit der &hellip; <a href=\"https:\/\/duesterhafen.bandbreiter.de\/?page_id=8\">Weiterlesen <span class=\"meta-nav\">&rarr;<\/span><\/a><\/p>\n","protected":false},"author":2,"featured_media":0,"parent":0,"menu_order":2,"comment_status":"closed","ping_status":"closed","template":"","meta":[],"_links":{"self":[{"href":"https:\/\/duesterhafen.bandbreiter.de\/index.php?rest_route=\/wp\/v2\/pages\/8"}],"collection":[{"href":"https:\/\/duesterhafen.bandbreiter.de\/index.php?rest_route=\/wp\/v2\/pages"}],"about":[{"href":"https:\/\/duesterhafen.bandbreiter.de\/index.php?rest_route=\/wp\/v2\/types\/page"}],"author":[{"embeddable":true,"href":"https:\/\/duesterhafen.bandbreiter.de\/index.php?rest_route=\/wp\/v2\/users\/2"}],"replies":[{"embeddable":true,"href":"https:\/\/duesterhafen.bandbreiter.de\/index.php?rest_route=%2Fwp%2Fv2%2Fcomments&post=8"}],"version-history":[{"count":3,"href":"https:\/\/duesterhafen.bandbreiter.de\/index.php?rest_route=\/wp\/v2\/pages\/8\/revisions"}],"predecessor-version":[{"id":224,"href":"https:\/\/duesterhafen.bandbreiter.de\/index.php?rest_route=\/wp\/v2\/pages\/8\/revisions\/224"}],"wp:attachment":[{"href":"https:\/\/duesterhafen.bandbreiter.de\/index.php?rest_route=%2Fwp%2Fv2%2Fmedia&parent=8"}],"curies":[{"name":"wp","href":"https:\/\/api.w.org\/{rel}","templated":true}]}}